{"id":1178,"date":"2024-06-18T23:50:29","date_gmt":"2024-06-18T21:50:29","guid":{"rendered":"https:\/\/www.zahnarztpraxis-sauernheimer.de\/?page_id=1178"},"modified":"2025-05-27T22:14:25","modified_gmt":"2025-05-27T20:14:25","slug":"jobs","status":"publish","type":"page","link":"https:\/\/www.zahnarztpraxis-sauernheimer.de\/?page_id=1178","title":{"rendered":"Stellenangebot"},"content":{"rendered":"\t\t<div data-elementor-type=\"wp-page\" data-elementor-id=\"1178\" class=\"elementor elementor-1178\" data-elementor-post-type=\"page\">\n\t\t\t\t<div class=\"elementor-element elementor-element-bc9f5e4 e-flex e-con-boxed e-con e-parent\" data-id=\"bc9f5e4\" data-element_type=\"container\" data-settings=\"{&quot;background_background&quot;:&quot;slideshow&quot;,&quot;background_slideshow_gallery&quot;:[{&quot;id&quot;:2418,&quot;url&quot;:&quot;https:\\\/\\\/www.zahnarztpraxis-sauernheimer.de\\\/html\\\/wp-content\\\/uploads\\\/2025\\\/05\\\/Stellenangebote-scaled.jpg&quot;}],&quot;background_slideshow_slide_transition&quot;:&quot;slide_down&quot;,&quot;background_slideshow_ken_burns&quot;:&quot;yes&quot;,&quot;background_slideshow_loop&quot;:&quot;yes&quot;,&quot;background_slideshow_slide_duration&quot;:5000,&quot;background_slideshow_transition_duration&quot;:500,&quot;background_slideshow_ken_burns_zoom_direction&quot;:&quot;in&quot;}\">\n\t\t\t\t\t<div class=\"e-con-inner\">\n\t\t<div class=\"elementor-element elementor-element-30b4a92 e-con-full e-flex e-con e-child\" data-id=\"30b4a92\" data-element_type=\"container\">\n\t\t\t\t<div class=\"elementor-element elementor-element-0d88150 elementor-widget elementor-widget-heading\" data-id=\"0d88150\" data-element_type=\"widget\" data-widget_type=\"heading.default\">\n\t\t\t\t<div class=\"elementor-widget-container\">\n\t\t\t\t\t<h2 class=\"elementor-heading-title elementor-size-default\">Stellenangebote<\/h2>\t\t\t\t<\/div>\n\t\t\t\t<\/div>\n\t\t\t\t<div class=\"elementor-element elementor-element-f2e5d39 elementor-widget elementor-widget-heading\" data-id=\"f2e5d39\" data-element_type=\"widget\" data-widget_type=\"heading.default\">\n\t\t\t\t<div class=\"elementor-widget-container\">\n\t\t\t\t\t<h2 class=\"elementor-heading-title elementor-size-default\">Mein Team und ich freuen uns auf Ihre Bewerbung<\/h2>\t\t\t\t<\/div>\n\t\t\t\t<\/div>\n\t\t<div class=\"elementor-element elementor-element-30b9d39 e-con-full e-flex e-con e-child\" data-id=\"30b9d39\" data-element_type=\"container\">\n\t\t\t\t<div class=\"elementor-element elementor-element-b3b5c4f elementor-align-left elementor-widget elementor-widget-button\" data-id=\"b3b5c4f\" data-element_type=\"widget\" data-widget_type=\"button.default\">\n\t\t\t\t<div class=\"elementor-widget-container\">\n\t\t\t\t\t\t\t\t\t<div class=\"elementor-button-wrapper\">\n\t\t\t\t\t<a class=\"elementor-button elementor-button-link elementor-size-sm elementor-animation-grow\" href=\"mailto:office@zahnarztpraxis-sauernheimer.de\">\n\t\t\t\t\t\t<span class=\"elementor-button-content-wrapper\">\n\t\t\t\t\t\t<span class=\"elementor-button-icon\">\n\t\t\t\t<svg aria-hidden=\"true\" class=\"e-font-icon-svg e-far-arrow-alt-circle-right\" viewBox=\"0 0 512 512\" xmlns=\"http:\/\/www.w3.org\/2000\/svg\"><path d=\"M504 256C504 119 393 8 256 8S8 119 8 256s111 248 248 248 248-111 248-248zm-448 0c0-110.5 89.5-200 200-200s200 89.5 200 200-89.5 200-200 200S56 366.5 56 256zm72 20v-40c0-6.6 5.4-12 12-12h116v-67c0-10.7 12.9-16 20.5-8.5l99 99c4.7 4.7 4.7 12.3 0 17l-99 99c-7.6 7.6-20.5 2.2-20.5-8.5v-67H140c-6.6 0-12-5.4-12-12z\"><\/path><\/svg>\t\t\t<\/span>\n\t\t\t\t\t\t\t\t\t<span class=\"elementor-button-text\">JETZT BEWERBEN<\/span>\n\t\t\t\t\t<\/span>\n\t\t\t\t\t<\/a>\n\t\t\t\t<\/div>\n\t\t\t\t\t\t\t\t<\/div>\n\t\t\t\t<\/div>\n\t\t\t\t<\/div>\n\t\t\t\t<\/div>\n\t\t\t\t\t<\/div>\n\t\t\t\t<\/div>\n\t\t<div class=\"elementor-element elementor-element-fcc0d4f e-con-full e-flex e-con e-parent\" data-id=\"fcc0d4f\" data-element_type=\"container\">\n\t\t<div class=\"elementor-element elementor-element-e362d40 e-con-full e-flex e-con e-child\" data-id=\"e362d40\" data-element_type=\"container\">\n\t\t\t\t<div class=\"elementor-element elementor-element-026e7f6 elementor-widget elementor-widget-heading\" data-id=\"026e7f6\" data-element_type=\"widget\" data-widget_type=\"heading.default\">\n\t\t\t\t<div class=\"elementor-widget-container\">\n\t\t\t\t\t<h2 class=\"elementor-heading-title elementor-size-default\">Wir suchen Sie!<\/h2>\t\t\t\t<\/div>\n\t\t\t\t<\/div>\n\t\t\t\t<div class=\"elementor-element elementor-element-e0c0960 elementor-widget elementor-widget-text-editor\" data-id=\"e0c0960\" data-element_type=\"widget\" data-widget_type=\"text-editor.default\">\n\t\t\t\t<div class=\"elementor-widget-container\">\n\t\t\t\t\t\t\t\t\t<p class=\"p1\">Sie m\u00f6chten dass man Sie, und Ihre Arbeit wertsch\u00e4tzt? Wir auch! Wir pflegen netten und kollegialen Umgang und begegnen uns auf Augenh\u00f6he. Wir sind eine Ein-Behandler-Praxis in Ahrensburg.<\/p><p class=\"p1\">Wir behandeln sowohl zahn\u00e4rztlich als auch in der Prophylaxe auf modernstem\u00a0<span style=\"text-align: var(--text-align);\">Standard und menschlicher Ebene. Wir w\u00fcrden uns freuen wenn Sie unsere Begeisterung f\u00fcr die Zahnerhaltung teilen! Die meisten unserer Patient\/innen sind langj\u00e4hrig bei uns und legen Wert auf netten Umgang sowie\u00a0<\/span><span style=\"text-align: var(--text-align);\">hochwertige Therapien. Wir suchen Unterst\u00fctzung in der Anmeldung sowie in der Behandlungsassistenz,gerne auch Teilzeit in der Propylaxe.<\/span><\/p><p class=\"p1\">Fort-und Weiterbildungen sind gew\u00fcnscht und werden unterst\u00fctzt!<\/p><p class=\"p1\">Mein Team und ich freuen uns auf Ihre Bewerbung!!<\/p>\t\t\t\t\t\t\t\t<\/div>\n\t\t\t\t<\/div>\n\t\t\t\t<div class=\"elementor-element elementor-element-8c6df7d elementor-align-left elementor-widget elementor-widget-button\" data-id=\"8c6df7d\" data-element_type=\"widget\" data-widget_type=\"button.default\">\n\t\t\t\t<div class=\"elementor-widget-container\">\n\t\t\t\t\t\t\t\t\t<div class=\"elementor-button-wrapper\">\n\t\t\t\t\t<a class=\"elementor-button elementor-button-link elementor-size-sm elementor-animation-grow\" href=\"mailto:office@zahnarztpraxis-sauernheimer.de\">\n\t\t\t\t\t\t<span class=\"elementor-button-content-wrapper\">\n\t\t\t\t\t\t<span class=\"elementor-button-icon\">\n\t\t\t\t<svg aria-hidden=\"true\" class=\"e-font-icon-svg e-far-arrow-alt-circle-right\" viewBox=\"0 0 512 512\" xmlns=\"http:\/\/www.w3.org\/2000\/svg\"><path d=\"M504 256C504 119 393 8 256 8S8 119 8 256s111 248 248 248 248-111 248-248zm-448 0c0-110.5 89.5-200 200-200s200 89.5 200 200-89.5 200-200 200S56 366.5 56 256zm72 20v-40c0-6.6 5.4-12 12-12h116v-67c0-10.7 12.9-16 20.5-8.5l99 99c4.7 4.7 4.7 12.3 0 17l-99 99c-7.6 7.6-20.5 2.2-20.5-8.5v-67H140c-6.6 0-12-5.4-12-12z\"><\/path><\/svg>\t\t\t<\/span>\n\t\t\t\t\t\t\t\t\t<span class=\"elementor-button-text\">JETZT BEWERBEN<\/span>\n\t\t\t\t\t<\/span>\n\t\t\t\t\t<\/a>\n\t\t\t\t<\/div>\n\t\t\t\t\t\t\t\t<\/div>\n\t\t\t\t<\/div>\n\t\t\t\t<\/div>\n\t\t\t\t<\/div>\n\t\t\t\t<\/div>\n\t\t","protected":false},"excerpt":{"rendered":"<p>Stellenangebote Mein Team und ich freuen uns auf Ihre Bewerbung JETZT BEWERBEN Wir suchen Sie! Sie m\u00f6chten dass man Sie, und Ihre Arbeit wertsch\u00e4tzt? Wir auch! Wir pflegen netten und kollegialen Umgang und begegnen uns auf Augenh\u00f6he. Wir sind eine Ein-Behandler-Praxis in Ahrensburg. Wir behandeln sowohl zahn\u00e4rztlich als auch in der Prophylaxe auf modernstem\u00a0Standard und&#8230;<\/p>\n","protected":false},"author":1,"featured_media":0,"parent":0,"menu_order":0,"comment_status":"closed","ping_status":"closed","template":"elementor_header_footer","meta":{"_kad_post_transparent":"","_kad_post_title":"hide","_kad_post_layout":"fullwidth","_kad_post_sidebar_id":"","_kad_post_content_style":"unboxed","_kad_post_vertical_padding":"hide","_kad_post_feature":"hide","_kad_post_feature_position":"","_kad_post_header":false,"_kad_post_footer":false,"footnotes":""},"class_list":["post-1178","page","type-page","status-publish","hentry"],"_links":{"self":[{"href":"https:\/\/www.zahnarztpraxis-sauernheimer.de\/index.php?rest_route=\/wp\/v2\/pages\/1178","targetHints":{"allow":["GET"]}}],"collection":[{"href":"https:\/\/www.zahnarztpraxis-sauernheimer.de\/index.php?rest_route=\/wp\/v2\/pages"}],"about":[{"href":"https:\/\/www.zahnarztpraxis-sauernheimer.de\/index.php?rest_route=\/wp\/v2\/types\/page"}],"author":[{"embeddable":true,"href":"https:\/\/www.zahnarztpraxis-sauernheimer.de\/index.php?rest_route=\/wp\/v2\/users\/1"}],"replies":[{"embeddable":true,"href":"https:\/\/www.zahnarztpraxis-sauernheimer.de\/index.php?rest_route=%2Fwp%2Fv2%2Fcomments&post=1178"}],"version-history":[{"count":23,"href":"https:\/\/www.zahnarztpraxis-sauernheimer.de\/index.php?rest_route=\/wp\/v2\/pages\/1178\/revisions"}],"predecessor-version":[{"id":2433,"href":"https:\/\/www.zahnarztpraxis-sauernheimer.de\/index.php?rest_route=\/wp\/v2\/pages\/1178\/revisions\/2433"}],"wp:attachment":[{"href":"https:\/\/www.zahnarztpraxis-sauernheimer.de\/index.php?rest_route=%2Fwp%2Fv2%2Fmedia&parent=1178"}],"curies":[{"name":"wp","href":"https:\/\/api.w.org\/{rel}","templated":true}]}}