{"id":1180,"date":"2024-06-18T23:50:38","date_gmt":"2024-06-18T21:50:38","guid":{"rendered":"https:\/\/www.zahnarztpraxis-sauernheimer.de\/?page_id=1180"},"modified":"2025-07-31T21:14:05","modified_gmt":"2025-07-31T19:14:05","slug":"sprechzeiten","status":"publish","type":"page","link":"https:\/\/www.zahnarztpraxis-sauernheimer.de\/?page_id=1180","title":{"rendered":"Sprechzeiten"},"content":{"rendered":"\t\t<div data-elementor-type=\"wp-page\" data-elementor-id=\"1180\" class=\"elementor elementor-1180\" data-elementor-post-type=\"page\">\n\t\t\t\t<div class=\"elementor-element elementor-element-de9b3d3 e-flex e-con-boxed e-con e-parent\" data-id=\"de9b3d3\" data-element_type=\"container\" data-settings=\"{&quot;background_background&quot;:&quot;slideshow&quot;,&quot;background_slideshow_gallery&quot;:[{&quot;id&quot;:2419,&quot;url&quot;:&quot;https:\\\/\\\/www.zahnarztpraxis-sauernheimer.de\\\/html\\\/wp-content\\\/uploads\\\/2025\\\/05\\\/Sprechzeiten-scaled.jpg&quot;}],&quot;background_slideshow_slide_transition&quot;:&quot;slide_down&quot;,&quot;background_slideshow_ken_burns&quot;:&quot;yes&quot;,&quot;background_slideshow_loop&quot;:&quot;yes&quot;,&quot;background_slideshow_slide_duration&quot;:5000,&quot;background_slideshow_transition_duration&quot;:500,&quot;background_slideshow_ken_burns_zoom_direction&quot;:&quot;in&quot;}\">\n\t\t\t\t\t<div class=\"e-con-inner\">\n\t\t<div class=\"elementor-element elementor-element-917b1b7 e-con-full e-flex e-con e-child\" data-id=\"917b1b7\" data-element_type=\"container\">\n\t\t\t\t<div class=\"elementor-element elementor-element-c550ef1 elementor-widget elementor-widget-heading\" data-id=\"c550ef1\" data-element_type=\"widget\" data-widget_type=\"heading.default\">\n\t\t\t\t<div class=\"elementor-widget-container\">\n\t\t\t\t\t<h2 class=\"elementor-heading-title elementor-size-default\">Unsere Sprechzeiten<\/h2>\t\t\t\t<\/div>\n\t\t\t\t<\/div>\n\t\t\t\t<div class=\"elementor-element elementor-element-ec9b9f7 elementor-widget elementor-widget-heading\" data-id=\"ec9b9f7\" data-element_type=\"widget\" data-widget_type=\"heading.default\">\n\t\t\t\t<div class=\"elementor-widget-container\">\n\t\t\t\t\t<h2 class=\"elementor-heading-title elementor-size-default\">F\u00fcr Sie erreichbar.<\/h2>\t\t\t\t<\/div>\n\t\t\t\t<\/div>\n\t\t<div class=\"elementor-element elementor-element-0d86d64 e-con-full e-flex e-con e-child\" data-id=\"0d86d64\" data-element_type=\"container\">\n\t\t\t\t<div class=\"elementor-element elementor-element-3b087db elementor-align-left elementor-widget elementor-widget-button\" data-id=\"3b087db\" data-element_type=\"widget\" data-widget_type=\"button.default\">\n\t\t\t\t<div class=\"elementor-widget-container\">\n\t\t\t\t\t\t\t\t\t<div class=\"elementor-button-wrapper\">\n\t\t\t\t\t<a class=\"elementor-button elementor-button-link elementor-size-sm elementor-animation-grow\" href=\"#\">\n\t\t\t\t\t\t<span class=\"elementor-button-content-wrapper\">\n\t\t\t\t\t\t<span class=\"elementor-button-icon\">\n\t\t\t\t<svg aria-hidden=\"true\" class=\"e-font-icon-svg e-far-arrow-alt-circle-down\" viewBox=\"0 0 512 512\" xmlns=\"http:\/\/www.w3.org\/2000\/svg\"><path d=\"M256 8C119 8 8 119 8 256s111 248 248 248 248-111 248-248S393 8 256 8zm0 448c-110.5 0-200-89.5-200-200S145.5 56 256 56s200 89.5 200 200-89.5 200-200 200zm-32-316v116h-67c-10.7 0-16 12.9-8.5 20.5l99 99c4.7 4.7 12.3 4.7 17 0l99-99c7.6-7.6 2.2-20.5-8.5-20.5h-67V140c0-6.6-5.4-12-12-12h-40c-6.6 0-12 5.4-12 12z\"><\/path><\/svg>\t\t\t<\/span>\n\t\t\t\t\t\t\t\t\t<span class=\"elementor-button-text\">MEHR ERFAHREN<\/span>\n\t\t\t\t\t<\/span>\n\t\t\t\t\t<\/a>\n\t\t\t\t<\/div>\n\t\t\t\t\t\t\t\t<\/div>\n\t\t\t\t<\/div>\n\t\t\t\t<div class=\"elementor-element elementor-element-6b3da4b elementor-align-left elementor-widget elementor-widget-button\" data-id=\"6b3da4b\" data-element_type=\"widget\" data-widget_type=\"button.default\">\n\t\t\t\t<div class=\"elementor-widget-container\">\n\t\t\t\t\t\t\t\t\t<div class=\"elementor-button-wrapper\">\n\t\t\t\t\t<a class=\"elementor-button elementor-button-link elementor-size-sm elementor-animation-grow\" href=\"mailto:info@zahnarztpraxis-sauernheimer.de\">\n\t\t\t\t\t\t<span class=\"elementor-button-content-wrapper\">\n\t\t\t\t\t\t<span class=\"elementor-button-icon\">\n\t\t\t\t<svg aria-hidden=\"true\" class=\"e-font-icon-svg e-far-arrow-alt-circle-right\" viewBox=\"0 0 512 512\" xmlns=\"http:\/\/www.w3.org\/2000\/svg\"><path d=\"M504 256C504 119 393 8 256 8S8 119 8 256s111 248 248 248 248-111 248-248zm-448 0c0-110.5 89.5-200 200-200s200 89.5 200 200-89.5 200-200 200S56 366.5 56 256zm72 20v-40c0-6.6 5.4-12 12-12h116v-67c0-10.7 12.9-16 20.5-8.5l99 99c4.7 4.7 4.7 12.3 0 17l-99 99c-7.6 7.6-20.5 2.2-20.5-8.5v-67H140c-6.6 0-12-5.4-12-12z\"><\/path><\/svg>\t\t\t<\/span>\n\t\t\t\t\t\t\t\t\t<span class=\"elementor-button-text\">TERMIN BUCHEN<\/span>\n\t\t\t\t\t<\/span>\n\t\t\t\t\t<\/a>\n\t\t\t\t<\/div>\n\t\t\t\t\t\t\t\t<\/div>\n\t\t\t\t<\/div>\n\t\t\t\t<\/div>\n\t\t\t\t<\/div>\n\t\t\t\t\t<\/div>\n\t\t\t\t<\/div>\n\t\t<div class=\"elementor-element elementor-element-940f8ac e-con-full e-flex e-con e-parent\" data-id=\"940f8ac\" data-element_type=\"container\">\n\t\t<div class=\"elementor-element elementor-element-83f4ee3 e-con-full e-flex e-con e-child\" data-id=\"83f4ee3\" data-element_type=\"container\">\n\t\t\t\t<div class=\"elementor-element elementor-element-d724db8 elementor-widget elementor-widget-image\" data-id=\"d724db8\" data-element_type=\"widget\" data-widget_type=\"image.default\">\n\t\t\t\t<div class=\"elementor-widget-container\">\n\t\t\t\t\t\t\t\t\t\t\t\t\t\t\t<img fetchpriority=\"high\" decoding=\"async\" width=\"1290\" height=\"860\" src=\"https:\/\/www.zahnarztpraxis-sauernheimer.de\/html\/wp-content\/uploads\/2025\/02\/DSC09475-1-3000x2000.jpg\" class=\"attachment-large size-large wp-image-2109\" alt=\"\" srcset=\"https:\/\/www.zahnarztpraxis-sauernheimer.de\/html\/wp-content\/uploads\/2025\/02\/DSC09475-1-3000x2000.jpg 3000w, https:\/\/www.zahnarztpraxis-sauernheimer.de\/html\/wp-content\/uploads\/2025\/02\/DSC09475-1-2048x1365.jpg 2048w\" sizes=\"(max-width: 1290px) 100vw, 1290px\" \/>\t\t\t\t\t\t\t\t\t\t\t\t\t\t\t<\/div>\n\t\t\t\t<\/div>\n\t\t\t\t<\/div>\n\t\t<div class=\"elementor-element elementor-element-09f93cb e-con-full e-flex e-con e-child\" data-id=\"09f93cb\" data-element_type=\"container\">\n\t\t\t\t<div class=\"elementor-element elementor-element-2b836de elementor-widget elementor-widget-heading\" data-id=\"2b836de\" data-element_type=\"widget\" data-widget_type=\"heading.default\">\n\t\t\t\t<div class=\"elementor-widget-container\">\n\t\t\t\t\t<h2 class=\"elementor-heading-title elementor-size-default\">Sprechzeiten<\/h2>\t\t\t\t<\/div>\n\t\t\t\t<\/div>\n\t\t\t\t<div class=\"elementor-element elementor-element-59d4b2f elementor-widget elementor-widget-text-editor\" data-id=\"59d4b2f\" data-element_type=\"widget\" data-widget_type=\"text-editor.default\">\n\t\t\t\t<div class=\"elementor-widget-container\">\n\t\t\t\t\t\t\t\t\t<p class=\"cvGsUA direction-ltr align-start para-style-body\"><strong><span class=\"OYPEnA text-decoration-none text-strikethrough-none\">Montag: <\/span><\/strong><span class=\"OYPEnA text-decoration-none text-strikethrough-none\">8:00 &#8211; 12:00, 14:00 &#8211; 18:00<\/span><\/p><p class=\"cvGsUA direction-ltr align-start para-style-body\"><strong><span class=\"OYPEnA text-decoration-none text-strikethrough-none\">Dienstag: <\/span><\/strong><span class=\"OYPEnA text-decoration-none text-strikethrough-none\">8:00 &#8211; 12:00<\/span><\/p><p class=\"cvGsUA direction-ltr align-start para-style-body\"><strong><span class=\"OYPEnA text-decoration-none text-strikethrough-none\">Mittwoch: <\/span><\/strong><span class=\"OYPEnA text-decoration-none text-strikethrough-none\">8:00 &#8211; 12:30<\/span><\/p><p class=\"cvGsUA direction-ltr align-start para-style-body\"><strong><span class=\"OYPEnA text-decoration-none text-strikethrough-none\">Donnerstag: <\/span><\/strong><span class=\"OYPEnA text-decoration-none text-strikethrough-none\">8:00 &#8211; 12:00, 14:00 &#8211; 18:00<\/span><\/p><p class=\"cvGsUA direction-ltr align-start para-style-body\"><strong><span class=\"OYPEnA text-decoration-none text-strikethrough-none\">Freitag: <\/span><\/strong><span class=\"OYPEnA text-decoration-none text-strikethrough-none\">8:00 &#8211; 12:30<\/span><\/p><p>Und Termine nach Vereinbarung<\/p>\t\t\t\t\t\t\t\t<\/div>\n\t\t\t\t<\/div>\n\t\t\t\t<div class=\"elementor-element elementor-element-6ef78e7 elementor-widget elementor-widget-heading\" data-id=\"6ef78e7\" data-element_type=\"widget\" data-widget_type=\"heading.default\">\n\t\t\t\t<div class=\"elementor-widget-container\">\n\t\t\t\t\t<h2 class=\"elementor-heading-title elementor-size-default\">Telefonzeiten<\/h2>\t\t\t\t<\/div>\n\t\t\t\t<\/div>\n\t\t\t\t<div class=\"elementor-element elementor-element-feb5dda elementor-widget__width-initial elementor-widget elementor-widget-text-editor\" data-id=\"feb5dda\" data-element_type=\"widget\" data-widget_type=\"text-editor.default\">\n\t\t\t\t<div class=\"elementor-widget-container\">\n\t\t\t\t\t\t\t\t\t<p>Liebe Patientinnen und Patienten,<br \/>wir freuen uns, Ihnen mitteilen zu k\u00f6nnen, dass wir ab sofort feste Telefonzeiten eingerichtet haben. Sie k\u00f6nnen uns w\u00e4hrend dieser Zeiten telefonisch erreichen, um Ihre Anliegen zu besprechen. <br \/>Unsere Telefonzeiten sind: <br \/>Montag- Mittwoch 11:00-12:00 Uhr<br \/>Donnerstag 14:00-15:00 Uhr<br \/>Freitags 8:00-9:00 Uhr <br \/>Au\u00dferhalb dieser Zeiten bitten wir Sie, uns eine E-Mail mit Ihrem Anliegen zu schicken. Wir werden uns so schnell wie m\u00f6glich bei Ihnen melden.<br \/>E-Mail: info@zahnarztpraxis-sauernheimer.de<br \/>Vielen Dank f\u00fcr Ihr Verst\u00e4ndnis und Ihre Kooperation!<\/p>\t\t\t\t\t\t\t\t<\/div>\n\t\t\t\t<\/div>\n\t\t\t\t<\/div>\n\t\t\t\t<\/div>\n\t\t\t\t<\/div>\n\t\t","protected":false},"excerpt":{"rendered":"<p>Unsere Sprechzeiten F\u00fcr Sie erreichbar. MEHR ERFAHREN TERMIN BUCHEN Sprechzeiten Montag: 8:00 &#8211; 12:00, 14:00 &#8211; 18:00 Dienstag: 8:00 &#8211; 12:00 Mittwoch: 8:00 &#8211; 12:30 Donnerstag: 8:00 &#8211; 12:00, 14:00 &#8211; 18:00 Freitag: 8:00 &#8211; 12:30 Und Termine nach Vereinbarung Telefonzeiten Liebe Patientinnen und Patienten,wir freuen uns, Ihnen mitteilen zu k\u00f6nnen, dass wir ab sofort&#8230;<\/p>\n","protected":false},"author":1,"featured_media":0,"parent":0,"menu_order":0,"comment_status":"closed","ping_status":"closed","template":"elementor_header_footer","meta":{"_kad_post_transparent":"","_kad_post_title":"hide","_kad_post_layout":"fullwidth","_kad_post_sidebar_id":"","_kad_post_content_style":"unboxed","_kad_post_vertical_padding":"hide","_kad_post_feature":"hide","_kad_post_feature_position":"","_kad_post_header":false,"_kad_post_footer":false,"footnotes":""},"class_list":["post-1180","page","type-page","status-publish","hentry"],"_links":{"self":[{"href":"https:\/\/www.zahnarztpraxis-sauernheimer.de\/index.php?rest_route=\/wp\/v2\/pages\/1180","targetHints":{"allow":["GET"]}}],"collection":[{"href":"https:\/\/www.zahnarztpraxis-sauernheimer.de\/index.php?rest_route=\/wp\/v2\/pages"}],"about":[{"href":"https:\/\/www.zahnarztpraxis-sauernheimer.de\/index.php?rest_route=\/wp\/v2\/types\/page"}],"author":[{"embeddable":true,"href":"https:\/\/www.zahnarztpraxis-sauernheimer.de\/index.php?rest_route=\/wp\/v2\/users\/1"}],"replies":[{"embeddable":true,"href":"https:\/\/www.zahnarztpraxis-sauernheimer.de\/index.php?rest_route=%2Fwp%2Fv2%2Fcomments&post=1180"}],"version-history":[{"count":60,"href":"https:\/\/www.zahnarztpraxis-sauernheimer.de\/index.php?rest_route=\/wp\/v2\/pages\/1180\/revisions"}],"predecessor-version":[{"id":2674,"href":"https:\/\/www.zahnarztpraxis-sauernheimer.de\/index.php?rest_route=\/wp\/v2\/pages\/1180\/revisions\/2674"}],"wp:attachment":[{"href":"https:\/\/www.zahnarztpraxis-sauernheimer.de\/index.php?rest_route=%2Fwp%2Fv2%2Fmedia&parent=1180"}],"curies":[{"name":"wp","href":"https:\/\/api.w.org\/{rel}","templated":true}]}}