{"id":57,"date":"2024-06-17T17:08:39","date_gmt":"2024-06-17T15:08:39","guid":{"rendered":"https:\/\/www.zahnarztpraxis-sauernheimer.de\/?page_id=57"},"modified":"2024-06-20T00:19:39","modified_gmt":"2024-06-19T22:19:39","slug":"impressum","status":"publish","type":"page","link":"https:\/\/www.zahnarztpraxis-sauernheimer.de\/?page_id=57","title":{"rendered":"Impressum"},"content":{"rendered":"\t\t<div data-elementor-type=\"wp-page\" data-elementor-id=\"57\" class=\"elementor elementor-57\" data-elementor-post-type=\"page\">\n\t\t\t\t<div class=\"elementor-element elementor-element-55aa8c20 e-flex e-con-boxed e-con e-parent\" data-id=\"55aa8c20\" data-element_type=\"container\">\n\t\t\t\t\t<div class=\"e-con-inner\">\n\t\t\t\t<div class=\"elementor-element elementor-element-d1863c1 elementor-widget elementor-widget-heading\" data-id=\"d1863c1\" data-element_type=\"widget\" data-widget_type=\"heading.default\">\n\t\t\t\t<div class=\"elementor-widget-container\">\n\t\t\t\t\t<h2 class=\"elementor-heading-title elementor-size-default\">Impressum<\/h2>\t\t\t\t<\/div>\n\t\t\t\t<\/div>\n\t\t\t\t<div class=\"elementor-element elementor-element-309ae456 elementor-widget elementor-widget-text-editor\" data-id=\"309ae456\" data-element_type=\"widget\" data-widget_type=\"text-editor.default\">\n\t\t\t\t<div class=\"elementor-widget-container\">\n\t\t\t\t\t\t\t\t\t\n<p><strong>Praxis f\u00fcr Zahnheilkunde Anne Rike Sauernheimer<\/strong><\/p>\n\n<p>Rondeel 5, 22926 Ahrensburg<\/p>\n<p>Telefon: 04102-823237<\/p>\n\n<p>Telefax: 04102-823261<\/p>\n\n<p>Email: info@zahnarztpraxis-sauernheimer.de<\/p>\n\n<p>Website: zahnarztpraxis-sauernheimer.de<\/p>\n\n<p>\u00a0<\/p>\n<p><strong>F\u00fcr den Inhalt verantwortlich:<\/strong><\/p>\n\n<p>Anne Rike Sauernheimer<\/p>\n\n<p>\u00a0<\/p>\n<p><strong>Berufsbezeichnung:<\/strong><\/p>\n\n<p>Zahn\u00e4rztin (Approbation in Deutschland)<\/p>\n\n<p>\u00a0<\/p>\n<p><strong>Zust\u00e4ndige Kammer:<\/strong><\/p>\n\n<p>Zahn\u00e4rztekammer Schleswig-Holstein<\/p>\n\n<p>Westring 496, 24106 Kiel<\/p>\n\n<p>Website: www.zaek-sh.de<\/p>\n\n<p>\u00a0<\/p>\n<p><strong>Zust\u00e4ndige Aufsichtsbeh\u00f6rde:<\/strong><\/p>\n\n<p>Kassenzahn\u00e4rztliche Vereinigung Schleswig-Holstein<\/p>\n\n<p>Westring 498, 24106 Kiel<\/p>\n\n<p>Website: www.kzv-sh.de<\/p>\n\n<p>\u00a0<\/p>\n<p><strong>Berufsrechtliche Regelungen:<\/strong><\/p>\n\n<p>\u2022 Heilberufe Kammergesetz<\/p>\n\n<p>\u2022 Zahnheilkundegesetz<\/p>\n\n<p>\u2022 Berufsordnung<\/p>\n\n<p>\u2022 Geb\u00fchrenordnung f\u00fcr Zahn\u00e4rzte (GOZ)<\/p>\n\n<p>Die oben genannten Regelungen sind einsehbar auf der Website der Zahn\u00e4rztekammer Schleswig-Holstein im Men\u00fcpunkt: \u201eWir \u00fcber uns &gt; Die wichtigsten Berufsrechtlichen Regelungen\u201c.<\/p>\n\n<p>\u00a0<\/p>\n<p><strong>Schlichtungsverfahren:<\/strong><\/p>\n\n<p>Im Hinblick auf eine Verpflichtung aus den \u00a7\u00a7 36, 37 Verbraucherstreitbeilegungsgesetz setzen wir unsere Patienten \u00fcber Folgendes in Kenntnis: Unsere Praxis ist nicht zur Teilnahme an einem au\u00dfergerichtlichen Streitbeilegungsverfahren vor einer Verbraucherschlichtungsstelle verpflichtet und nimmt auch an einem au\u00dfergerichtlichen Streitbeilegungsverfahren vor einer Verbraucherschlichtungsstelle nicht teil.<\/p>\n\n<p>\u00a0<\/p>\n<p><strong>Zust\u00e4ndige Datenschutzbeh\u00f6rde:<\/strong><\/p>\n\n<p>Unabh\u00e4ngiges Landeszentrum f\u00fcr Datenschutz Schleswig-Holstein (ULD)<\/p>\n\n<p>Holstenstr. 98, 24103 Kiel<\/p>\n\n<p>Email:\u00a0mail@datenschutzzentrum.de<\/p>\n\n<p>Website:\u00a0www.datenschutzzentrum.de<\/p>\n\n<p>Aufgrund der Betriebsgr\u00f6\u00dfe muss f\u00fcr die Praxis Anne Rike Sauernheimer kein Datenschutzbeauftragter bestellt werden. Bei Fragen zur Datenverarbeitung und -speicherung sprechen Sie uns bitte an.<\/p>\n\t\t\t\t\t\t\t\t<\/div>\n\t\t\t\t<\/div>\n\t\t\t\t\t<\/div>\n\t\t\t\t<\/div>\n\t\t\t\t<\/div>\n\t\t","protected":false},"excerpt":{"rendered":"<p>Impressum Praxis f\u00fcr Zahnheilkunde Anne Rike Sauernheimer Rondeel 5, 22926 Ahrensburg Telefon: 04102-823237 Telefax: 04102-823261 Email: info@zahnarztpraxis-sauernheimer.de Website: zahnarztpraxis-sauernheimer.de \u00a0 F\u00fcr den Inhalt verantwortlich: Anne Rike Sauernheimer \u00a0 Berufsbezeichnung: Zahn\u00e4rztin (Approbation in Deutschland) \u00a0 Zust\u00e4ndige Kammer: Zahn\u00e4rztekammer Schleswig-Holstein Westring 496, 24106 Kiel Website: www.zaek-sh.de \u00a0 Zust\u00e4ndige Aufsichtsbeh\u00f6rde: Kassenzahn\u00e4rztliche Vereinigung Schleswig-Holstein Westring 498, 24106 Kiel Website:&#8230;<\/p>\n","protected":false},"author":1,"featured_media":0,"parent":0,"menu_order":0,"comment_status":"closed","ping_status":"closed","template":"","meta":{"_kad_post_transparent":"","_kad_post_title":"","_kad_post_layout":"","_kad_post_sidebar_id":"","_kad_post_content_style":"","_kad_post_vertical_padding":"","_kad_post_feature":"","_kad_post_feature_position":"","_kad_post_header":false,"_kad_post_footer":false,"footnotes":""},"class_list":["post-57","page","type-page","status-publish","hentry"],"_links":{"self":[{"href":"https:\/\/www.zahnarztpraxis-sauernheimer.de\/index.php?rest_route=\/wp\/v2\/pages\/57","targetHints":{"allow":["GET"]}}],"collection":[{"href":"https:\/\/www.zahnarztpraxis-sauernheimer.de\/index.php?rest_route=\/wp\/v2\/pages"}],"about":[{"href":"https:\/\/www.zahnarztpraxis-sauernheimer.de\/index.php?rest_route=\/wp\/v2\/types\/page"}],"author":[{"embeddable":true,"href":"https:\/\/www.zahnarztpraxis-sauernheimer.de\/index.php?rest_route=\/wp\/v2\/users\/1"}],"replies":[{"embeddable":true,"href":"https:\/\/www.zahnarztpraxis-sauernheimer.de\/index.php?rest_route=%2Fwp%2Fv2%2Fcomments&post=57"}],"version-history":[{"count":16,"href":"https:\/\/www.zahnarztpraxis-sauernheimer.de\/index.php?rest_route=\/wp\/v2\/pages\/57\/revisions"}],"predecessor-version":[{"id":2246,"href":"https:\/\/www.zahnarztpraxis-sauernheimer.de\/index.php?rest_route=\/wp\/v2\/pages\/57\/revisions\/2246"}],"wp:attachment":[{"href":"https:\/\/www.zahnarztpraxis-sauernheimer.de\/index.php?rest_route=%2Fwp%2Fv2%2Fmedia&parent=57"}],"curies":[{"name":"wp","href":"https:\/\/api.w.org\/{rel}","templated":true}]}}